{"id":2026,"date":"2023-11-27T11:09:37","date_gmt":"2023-11-27T10:09:37","guid":{"rendered":"https:\/\/xcaliburmp.com\/solutions-technology\/"},"modified":"2025-07-21T11:19:50","modified_gmt":"2025-07-21T09:19:50","slug":"nossas-solucoes","status":"publish","type":"page","link":"https:\/\/xcaliburmp.com\/pt-pt\/nossas-solucoes\/","title":{"rendered":"Solu\u00e7\u00f5es"},"content":{"rendered":"\r\n<div id=\"IntroSolutions-block_7ecc23d40d977800eb246324e46ef140\" class=\"IntroSolutions\" >\r\n\r\n    <section class=\"hero \" id=\"heroSolutions\">\r\n        <div class=\"container\">\r\n            <span class=\"hero_kicker\">SOLU\u00c7\u00d5ES<\/span>\r\n            <h2 class=\"hero_title\"><p>Capacitando o futuro por meio de nossas solu\u00e7\u00f5es inovadoras<\/p>\n<\/h2>\r\n            <div class=\"hero_image\"><\/div>\r\n        <\/div>\r\n    <\/section><!-- .hero -->\r\n    <div class=\"container\">\r\n        <div class=\"description\"><\/div>\r\n    <\/div>\r\n\r\n    <style>\r\n        .hero_image { background-image: url(https:\/\/xcaliburmp.com\/wp-content\/uploads\/2023\/12\/Frame-49723.png); }\r\n    <\/style>\r\n\r\n            <\/div>\r\n\r\n\n\n\r\n<div id=\"RotatingText-block_56d35cedc1ca3ab277f3ada6a60c2073\" class=\"RotatingText stopMovement\">\r\n    <div class=\"text\">\r\n        <p>Smart Country Mapping<\/p>\r\n            <\/div>\r\n<\/div>\r\n\r\n\r\n\r\n\r\n\n\n\r\n<div id=\"SplittedTitleText-block_593a71322afa16fde0e84d83c6c84fef\" class=\"SplittedTitleText\" >\r\n    <section class=\"splittedtitletext\" id=\"splittedtitletext\">\r\n        <div class=\"container\">\r\n            <div class=\"wrapper\">\r\n                <div class=\"splitted-col\">\r\n                    <div class=\"kicker\"><\/div>\r\n                <\/div>\r\n                <div class=\"splitted-col\">\r\n                    <div class=\"title\"><h2>Smart Country Mapping<\/h2>\n<\/div>\r\n                    <div class=\"description\"><p><strong>Alinhamos estrategicamente com o imperativo global de transi\u00e7\u00e3o energ\u00e9tica, mitiga\u00e7\u00e3o das mudan\u00e7as clim\u00e1ticas, sustentabilidade e alcan\u00e7ar objetivos de emiss\u00e3o zero.<\/strong><\/p>\n<p>Nossas solu\u00e7\u00f5es de mapeamento de pa\u00eds englobam ofertas inovadoras em novas energias renov\u00e1veis, materiais crus cr\u00edticos, gest\u00e3o da \u00e1gua, preserva\u00e7\u00e3o ambiental e conserva\u00e7\u00e3o da biodiversidade. Juntos, abrimos caminho para um futuro sustent\u00e1vel e resiliente.<\/p>\n<\/div>\r\n                                    <\/div>\r\n            <\/div>\r\n        <\/div>\r\n    <\/section>\r\n<\/div>\r\n\r\n\r\n\n\n\r\n<div id=\"Solu\u00e7\u00f5es\" class=\"Resources\" >\r\n\r\n    <section class=\"resources\" id=\"resources\">\r\n        <div class=\"container\">\r\n            <div data-aos=\"fade-right\" class=\"row\">\r\n                <div class=\"resources-col\">\r\n                    <div class=\"titulo\">\r\n                        SOLU\u00c7\u00d5ES                    <\/div>\r\n                <\/div>\r\n                <div class=\"resources-col \">\r\n                    <div class=\"description\">\r\n                        <p>Quantificamos o equil\u00edbrio dos recursos naturais de um pa\u00eds. A soma dessas duas vari\u00e1veis \u00e9 o equil\u00edbrio do recurso natural.<\/p>\n                    <\/div>\r\n                <\/div>\r\n            <\/div>\r\n        <\/div>\r\n        <div class=\"rotatingText\">SOLU\u00c7\u00d5ES<\/div>\r\n        <div class=\"container\">\r\n            <div class=\"subsoilSurface desktop\">\r\n                <div data-aos=\"fade-right\" class=\"subsoil-col\">\r\n                    <h2 class=\"title\">SUBTERR\u00c2NEO <\/h2>\r\n                    <div class=\"elements\">\r\n                        <ul>\r\n                                                            <li class=\"listItem\"><a href=\"https:\/\/xcaliburmp.com\/pt-pt\/solution\/deteccao-inteligente-de-minerais-criticos\/\" target=\"\">MINERAIS CR\u00cdTICOS<\/a><\/li>\r\n                                                            <li class=\"listItem\"><a href=\"https:\/\/xcaliburmp.com\/pt-pt\/solution\/solucao-de-deteccao-de-agua\/\" target=\"\">\u00c1GUA<\/a><\/li>\r\n                                                            <li class=\"listItem\"><a href=\"https:\/\/xcaliburmp.com\/pt-pt\/solution\/solucao-inteligente-para-hidrogenio-natural\/\" target=\"\">HIDROG\u00caNIO NATURAL<\/a><\/li>\r\n                                                            <li class=\"listItem\"><a href=\"https:\/\/xcaliburmp.com\/pt-pt\/solution\/deteccao-inteligente-de-hidrocarbonetos\/\" target=\"\">HIDROCARBONETOS<\/a><\/li>\r\n                                                            <li class=\"listItem\"><a href=\"https:\/\/xcaliburmp.com\/pt-pt\/solution\/armazenamento-subterraneo-de-co2\/\" target=\"\">ARMAZENAMENTO DE CARBONO<\/a><\/li>\r\n                                                            <li class=\"listItem\"><a href=\"https:\/\/xcaliburmp.com\/pt-pt\/solution\/solucao-inteligente-de-gestao-geotermica\/\" target=\"\">RECURSOS GEOT\u00c9RMICOS<\/a><\/li>\r\n                                                            <li class=\"listItem\"><a  target=\"_self\">OUTROS MINERAIS<\/a><\/li>\r\n                                                    <\/ul>\r\n                    <\/div>\r\n                <\/div>\r\n                <div class=\"centerImage\">\r\n                    <img decoding=\"async\" data-aos=\"fade-up\" alt=\"image\" src=\"https:\/\/xcaliburmp.com\/wp-content\/uploads\/2023\/12\/af2f566b01f5888bbe9124e1df76084c-scaled.jpg\" \/>\r\n                <\/div>\r\n                <div data-aos=\"fade-left\" class=\"surface-col\">\r\n                    <h2 class=\"title\">SUPERF\u00cdCIE<\/h2>\r\n                    <div class=\"elements\">\r\n                        <ul>\r\n                                                            <li class=\"listItem\"><a  target=\"_self\">BIODIVERSIDADE<\/a><\/li>\r\n                                                            <li class=\"listItem\"><a  target=\"_self\">AMBIENTAL<\/a><\/li>\r\n                                                            <li class=\"listItem\"><a  target=\"_self\">AGR\u00cdCOLA<\/a><\/li>\r\n                                                            <li class=\"listItem\"><a href=\"https:\/\/xcaliburmp.com\/pt-pt\/solution\/solucao-de-deteccao-de-agua\/\" target=\"\">\u00c1GUA<\/a><\/li>\r\n                                                            <li class=\"listItem\"><a href=\"https:\/\/xcaliburmp.com\/pt-pt\/solution\/sumidouro-natural-de-carbono\/\" target=\"\">CAPTURA DE CO2<\/a><\/li>\r\n                                                            <li class=\"listItem\"><a href=\"https:\/\/xcaliburmp.com\/pt-pt\/solution\/solucao-inteligente-para-hidrogenio-natural\/\" target=\"\">HIDROG\u00caNIO NATURAL<\/a><\/li>\r\n                                                            <li class=\"listItem\"><a  target=\"_self\">EMISS\u00d5ES DE G\u00c1S<\/a><\/li>\r\n                                                            <li class=\"listItem\"><a  target=\"_self\">OUTROS<\/a><\/li>\r\n                                                    <\/ul>\r\n                    <\/div>\r\n                <\/div>\r\n            <\/div>\r\n            <div class=\"subsoilSurface mobile\">\r\n                <div data-aos=\"fade-left\" class=\"surface-col\">\r\n                    <h2 class=\"title\">SUPERF\u00cdCIE<\/h2>\r\n                    <div class=\"elements\">\r\n                        <ul>\r\n                                                            <li class=\"listItem\"><a href=\"\" target=\"_self\">BIODIVERSIDADE<\/a><\/li>\r\n                                                            <li class=\"listItem\"><a href=\"\" target=\"_self\">AMBIENTAL<\/a><\/li>\r\n                                                            <li class=\"listItem\"><a href=\"\" target=\"_self\">AGR\u00cdCOLA<\/a><\/li>\r\n                                                            <li class=\"listItem\"><a href=\"https:\/\/xcaliburmp.com\/pt-pt\/solution\/solucao-de-deteccao-de-agua\/\" target=\"\">\u00c1GUA<\/a><\/li>\r\n                                                            <li class=\"listItem\"><a href=\"https:\/\/xcaliburmp.com\/pt-pt\/solution\/sumidouro-natural-de-carbono\/\" target=\"\">CAPTURA DE CO2<\/a><\/li>\r\n                                                            <li class=\"listItem\"><a href=\"https:\/\/xcaliburmp.com\/pt-pt\/solution\/solucao-inteligente-para-hidrogenio-natural\/\" target=\"\">HIDROG\u00caNIO NATURAL<\/a><\/li>\r\n                                                            <li class=\"listItem\"><a href=\"\" target=\"_self\">EMISS\u00d5ES DE G\u00c1S<\/a><\/li>\r\n                                                            <li class=\"listItem\"><a href=\"\" target=\"_self\">OUTROS<\/a><\/li>\r\n                                                    <\/ul>\r\n                    <\/div>\r\n                <\/div>\r\n                <div class=\"centerImage\">\r\n                    <img decoding=\"async\" data-aos=\"fade-up\" alt=\"image\" src=\"https:\/\/xcaliburmp.com\/wp-content\/uploads\/2023\/12\/af2f566b01f5888bbe9124e1df76084c-scaled.jpg\" \/>\r\n                <\/div>\r\n                <div data-aos=\"fade-right\" class=\"subsoil-col\">\r\n                    <h2 class=\"title\">SUBTERR\u00c2NEO <\/h2>\r\n                    <div class=\"elements\">\r\n                        <ul>\r\n                                                            <li class=\"listItem\"><a href=\"\" target=\"\">MINERAIS CR\u00cdTICOS<\/a><\/li>\r\n                                                            <li class=\"listItem\"><a href=\"\" target=\"\">\u00c1GUA<\/a><\/li>\r\n                                                            <li class=\"listItem\"><a href=\"\" target=\"\">HIDROG\u00caNIO NATURAL<\/a><\/li>\r\n                                                            <li class=\"listItem\"><a href=\"\" target=\"\">HIDROCARBONETOS<\/a><\/li>\r\n                                                            <li class=\"listItem\"><a href=\"\" target=\"\">ARMAZENAMENTO DE CARBONO<\/a><\/li>\r\n                                                            <li class=\"listItem\"><a href=\"\" target=\"\">RECURSOS GEOT\u00c9RMICOS<\/a><\/li>\r\n                                                            <li class=\"listItem\"><a href=\"\" target=\"_self\">OUTROS MINERAIS<\/a><\/li>\r\n                                                    <\/ul>\r\n                    <\/div>\r\n                <\/div>\r\n            <\/div>\r\n        <\/div>\r\n    <\/section><!-- .hero -->\r\n\r\n            <\/div>\n\n\r\n<div id=\"SplittedTitleText-block_730dfdbb384bed59b3b47ef89a5d0c34\" class=\"SplittedTitleText\" >\r\n    <section class=\"splittedtitletext\" id=\"splittedtitletext\">\r\n        <div class=\"container\">\r\n            <div class=\"wrapper\">\r\n                <div class=\"splitted-col\">\r\n                    <div class=\"kicker\">Captura e gest\u00e3o de dados de recursos naturais<\/div>\r\n                <\/div>\r\n                <div class=\"splitted-col\">\r\n                    <div class=\"title\"><h2>Interpreta\u00e7\u00e3o Inteligente Regional<\/h2>\n<\/div>\r\n                    <div class=\"description\"><p>Traduz entradas geof\u00edsicas, geoespaciais e outros em m\u00e9tricas econ\u00f4micas altamente valiosas, especialmente para pa\u00edses em desenvolvimento.<\/p>\n<\/div>\r\n                                    <\/div>\r\n            <\/div>\r\n        <\/div>\r\n    <\/section>\r\n<\/div>\r\n\r\n\r\n\n\n\r\n<div id=\"ContactUs-block_1b8742018f297e70a6922f65c8d9bcc9\" class=\"ContactUs\" >\r\n\r\n    <section id=\"cta\" class=\"cta \">\r\n        <div class=\"container\">\r\n            <h3 class=\"cta_title\">Contact us.<\/h3>\r\n            <a class=\"cta_button button\" href=\"https:\/\/xcaliburmp.com\/contact\/\" target=\"\" title=\"Contact\">Contact<\/a>\r\n        <\/div>\r\n    <\/section><!-- .cta -->\r\n\r\n\r\n    <\/div>","protected":false},"excerpt":{"rendered":"","protected":false},"author":3,"featured_media":0,"parent":0,"menu_order":0,"comment_status":"closed","ping_status":"closed","template":"","meta":{"_acf_changed":false,"footnotes":""},"class_list":["post-2026","page","type-page","status-publish","hentry"],"acf":[],"yoast_head":"<!-- This site is optimized with the Yoast SEO plugin v27.2 - https:\/\/yoast.com\/product\/yoast-seo-wordpress\/ -->\n<title>Solu\u00e7\u00f5es - Xcalibur Smart Mapping<\/title>\n<meta name=\"description\" content=\"Descubra as solu\u00e7\u00f5es e tecnologias pioneiras de energia da Xcalibur para a sustentabilidade global. Junte-se a n\u00f3s para moldar um futuro resiliente!\" \/>\n<meta name=\"robots\" content=\"index, follow, max-snippet:-1, max-image-preview:large, max-video-preview:-1\" \/>\n<link rel=\"canonical\" href=\"https:\/\/xcaliburmp.com\/pt-pt\/nossas-solucoes\/\" \/>\n<meta property=\"og:locale\" content=\"pt_PT\" \/>\n<meta property=\"og:type\" content=\"article\" \/>\n<meta property=\"og:title\" content=\"Solu\u00e7\u00f5es - Xcalibur Smart Mapping\" \/>\n<meta property=\"og:description\" content=\"Descubra as solu\u00e7\u00f5es e tecnologias pioneiras de energia da Xcalibur para a sustentabilidade global. Junte-se a n\u00f3s para moldar um futuro resiliente!\" \/>\n<meta property=\"og:url\" content=\"https:\/\/xcaliburmp.com\/pt-pt\/nossas-solucoes\/\" \/>\n<meta property=\"og:site_name\" content=\"Xcalibur Smart Mapping\" \/>\n<meta property=\"article:modified_time\" content=\"2025-07-21T09:19:50+00:00\" \/>\n<meta name=\"twitter:card\" content=\"summary_large_image\" \/>\n<script type=\"application\/ld+json\" class=\"yoast-schema-graph\">{\"@context\":\"https:\/\/schema.org\",\"@graph\":[{\"@type\":\"WebPage\",\"@id\":\"https:\/\/xcaliburmp.com\/pt-pt\/nossas-solucoes\/\",\"url\":\"https:\/\/xcaliburmp.com\/pt-pt\/nossas-solucoes\/\",\"name\":\"Solu\u00e7\u00f5es - Xcalibur Smart Mapping\",\"isPartOf\":{\"@id\":\"https:\/\/xcaliburmp.com\/pt-pt\/#website\"},\"datePublished\":\"2023-11-27T10:09:37+00:00\",\"dateModified\":\"2025-07-21T09:19:50+00:00\",\"description\":\"Descubra as solu\u00e7\u00f5es e tecnologias pioneiras de energia da Xcalibur para a sustentabilidade global. Junte-se a n\u00f3s para moldar um futuro resiliente!\",\"breadcrumb\":{\"@id\":\"https:\/\/xcaliburmp.com\/pt-pt\/nossas-solucoes\/#breadcrumb\"},\"inLanguage\":\"pt-PT\",\"potentialAction\":[{\"@type\":\"ReadAction\",\"target\":[\"https:\/\/xcaliburmp.com\/pt-pt\/nossas-solucoes\/\"]}]},{\"@type\":\"BreadcrumbList\",\"@id\":\"https:\/\/xcaliburmp.com\/pt-pt\/nossas-solucoes\/#breadcrumb\",\"itemListElement\":[{\"@type\":\"ListItem\",\"position\":1,\"name\":\"Portada\",\"item\":\"https:\/\/xcaliburmp.com\/pt-pt\/\"},{\"@type\":\"ListItem\",\"position\":2,\"name\":\"Solu\u00e7\u00f5es\"}]},{\"@type\":\"WebSite\",\"@id\":\"https:\/\/xcaliburmp.com\/pt-pt\/#website\",\"url\":\"https:\/\/xcaliburmp.com\/pt-pt\/\",\"name\":\"Xcalibur Smart Mapping\",\"description\":\"Xcalibur Smart Mapping es un l\u00edder mundial en geof\u00edsica a\u00e9rea y marina, interpretaci\u00f3n y procesamiento de datos y servicios de valor agregado.\",\"potentialAction\":[{\"@type\":\"SearchAction\",\"target\":{\"@type\":\"EntryPoint\",\"urlTemplate\":\"https:\/\/xcaliburmp.com\/pt-pt\/?s={search_term_string}\"},\"query-input\":{\"@type\":\"PropertyValueSpecification\",\"valueRequired\":true,\"valueName\":\"search_term_string\"}}],\"inLanguage\":\"pt-PT\"}]}<\/script>\n<!-- \/ Yoast SEO plugin. -->","yoast_head_json":{"title":"Solu\u00e7\u00f5es - Xcalibur Smart Mapping","description":"Descubra as solu\u00e7\u00f5es e tecnologias pioneiras de energia da Xcalibur para a sustentabilidade global. Junte-se a n\u00f3s para moldar um futuro resiliente!","robots":{"index":"index","follow":"follow","max-snippet":"max-snippet:-1","max-image-preview":"max-image-preview:large","max-video-preview":"max-video-preview:-1"},"canonical":"https:\/\/xcaliburmp.com\/pt-pt\/nossas-solucoes\/","og_locale":"pt_PT","og_type":"article","og_title":"Solu\u00e7\u00f5es - Xcalibur Smart Mapping","og_description":"Descubra as solu\u00e7\u00f5es e tecnologias pioneiras de energia da Xcalibur para a sustentabilidade global. Junte-se a n\u00f3s para moldar um futuro resiliente!","og_url":"https:\/\/xcaliburmp.com\/pt-pt\/nossas-solucoes\/","og_site_name":"Xcalibur Smart Mapping","article_modified_time":"2025-07-21T09:19:50+00:00","twitter_card":"summary_large_image","schema":{"@context":"https:\/\/schema.org","@graph":[{"@type":"WebPage","@id":"https:\/\/xcaliburmp.com\/pt-pt\/nossas-solucoes\/","url":"https:\/\/xcaliburmp.com\/pt-pt\/nossas-solucoes\/","name":"Solu\u00e7\u00f5es - Xcalibur Smart Mapping","isPartOf":{"@id":"https:\/\/xcaliburmp.com\/pt-pt\/#website"},"datePublished":"2023-11-27T10:09:37+00:00","dateModified":"2025-07-21T09:19:50+00:00","description":"Descubra as solu\u00e7\u00f5es e tecnologias pioneiras de energia da Xcalibur para a sustentabilidade global. Junte-se a n\u00f3s para moldar um futuro resiliente!","breadcrumb":{"@id":"https:\/\/xcaliburmp.com\/pt-pt\/nossas-solucoes\/#breadcrumb"},"inLanguage":"pt-PT","potentialAction":[{"@type":"ReadAction","target":["https:\/\/xcaliburmp.com\/pt-pt\/nossas-solucoes\/"]}]},{"@type":"BreadcrumbList","@id":"https:\/\/xcaliburmp.com\/pt-pt\/nossas-solucoes\/#breadcrumb","itemListElement":[{"@type":"ListItem","position":1,"name":"Portada","item":"https:\/\/xcaliburmp.com\/pt-pt\/"},{"@type":"ListItem","position":2,"name":"Solu\u00e7\u00f5es"}]},{"@type":"WebSite","@id":"https:\/\/xcaliburmp.com\/pt-pt\/#website","url":"https:\/\/xcaliburmp.com\/pt-pt\/","name":"Xcalibur Smart Mapping","description":"Xcalibur Smart Mapping es un l\u00edder mundial en geof\u00edsica a\u00e9rea y marina, interpretaci\u00f3n y procesamiento de datos y servicios de valor agregado.","potentialAction":[{"@type":"SearchAction","target":{"@type":"EntryPoint","urlTemplate":"https:\/\/xcaliburmp.com\/pt-pt\/?s={search_term_string}"},"query-input":{"@type":"PropertyValueSpecification","valueRequired":true,"valueName":"search_term_string"}}],"inLanguage":"pt-PT"}]}},"_links":{"self":[{"href":"https:\/\/xcaliburmp.com\/pt-pt\/wp-json\/wp\/v2\/pages\/2026","targetHints":{"allow":["GET"]}}],"collection":[{"href":"https:\/\/xcaliburmp.com\/pt-pt\/wp-json\/wp\/v2\/pages"}],"about":[{"href":"https:\/\/xcaliburmp.com\/pt-pt\/wp-json\/wp\/v2\/types\/page"}],"author":[{"embeddable":true,"href":"https:\/\/xcaliburmp.com\/pt-pt\/wp-json\/wp\/v2\/users\/3"}],"replies":[{"embeddable":true,"href":"https:\/\/xcaliburmp.com\/pt-pt\/wp-json\/wp\/v2\/comments?post=2026"}],"version-history":[{"count":33,"href":"https:\/\/xcaliburmp.com\/pt-pt\/wp-json\/wp\/v2\/pages\/2026\/revisions"}],"predecessor-version":[{"id":10294,"href":"https:\/\/xcaliburmp.com\/pt-pt\/wp-json\/wp\/v2\/pages\/2026\/revisions\/10294"}],"wp:attachment":[{"href":"https:\/\/xcaliburmp.com\/pt-pt\/wp-json\/wp\/v2\/media?parent=2026"}],"curies":[{"name":"wp","href":"https:\/\/api.w.org\/{rel}","templated":true}]}}