{"id":2033,"date":"2023-11-27T11:09:37","date_gmt":"2023-11-27T10:09:37","guid":{"rendered":"https:\/\/xcaliburmp.com\/solutions-technology\/"},"modified":"2025-07-21T10:10:22","modified_gmt":"2025-07-21T08:10:22","slug":"nuestras-soluciones","status":"publish","type":"page","link":"https:\/\/xcaliburmp.com\/es\/nuestras-soluciones\/","title":{"rendered":"Soluciones"},"content":{"rendered":"\r\n<div id=\"IntroSolutions-block_22b247f5f3a544e5f31f9e89b35b52d0\" class=\"IntroSolutions\" >\r\n\r\n    <section class=\"hero \" id=\"heroSolutions\">\r\n        <div class=\"container\">\r\n            <span class=\"hero_kicker\">SOLUCIONES<\/span>\r\n            <h2 class=\"hero_title\"><p>Potenciando el futuro a trav\u00e9s de nuestras soluciones innovadoras<\/p>\n<\/h2>\r\n            <div class=\"hero_image\"><\/div>\r\n        <\/div>\r\n    <\/section><!-- .hero -->\r\n    <div class=\"container\">\r\n        <div class=\"description\"><\/div>\r\n    <\/div>\r\n\r\n    <style>\r\n        .hero_image { background-image: url(https:\/\/xcaliburmp.com\/wp-content\/uploads\/2023\/12\/Frame-49723.png); }\r\n    <\/style>\r\n\r\n            <\/div>\r\n\r\n\n\n\r\n<div id=\"RotatingText-block_3391f3aba0bf7135898644037ea9e759\" class=\"RotatingText stopMovement\">\r\n    <div class=\"text\">\r\n        <p>Smart Country Mapping<\/p>\r\n            <\/div>\r\n<\/div>\r\n\r\n\r\n\r\n\r\n\n\n\r\n<div id=\"SplittedTitleText-block_85db003b4c386023636269762f2e5686\" class=\"SplittedTitleText\" >\r\n    <section class=\"splittedtitletext\" id=\"splittedtitletext\">\r\n        <div class=\"container\">\r\n            <div class=\"wrapper\">\r\n                <div class=\"splitted-col\">\r\n                    <div class=\"kicker\"><\/div>\r\n                <\/div>\r\n                <div class=\"splitted-col\">\r\n                    <div class=\"title\"><h2>Smart Country Mapping<\/h2>\n<\/div>\r\n                    <div class=\"description\"><p><strong>Nos alineamos estrat\u00e9gicamente con el imperativo global de la transici\u00f3n energ\u00e9tica, la mitigaci\u00f3n del cambio clim\u00e1tico, la sostenibilidad y el logro de objetivos de cero emisiones netas.<\/strong><\/p>\n<p>Nuestras soluciones de Country Mapping abarcan ofertas innovadoras en nuevas energ\u00edas renovables, materias primas cr\u00edticas, gesti\u00f3n del agua, responsabilidad ambiental y preservaci\u00f3n de la biodiversidad. Juntos, allanamos el camino hacia un futuro sostenible y resiliente.<\/p>\n<\/div>\r\n                                    <\/div>\r\n            <\/div>\r\n        <\/div>\r\n    <\/section>\r\n<\/div>\r\n\r\n\r\n\n\n\r\n<div id=\"Solutions\" class=\"Resources\" >\r\n\r\n    <section class=\"resources\" id=\"resources\">\r\n        <div class=\"container\">\r\n            <div data-aos=\"fade-right\" class=\"row\">\r\n                <div class=\"resources-col\">\r\n                    <div class=\"titulo\">\r\n                        SOLUCIONES                    <\/div>\r\n                <\/div>\r\n                <div class=\"resources-col \">\r\n                    <div class=\"description\">\r\n                        <p>Cuantificamos el capital natural del pa\u00eds, que comprende recursos de superficie y subsuelo.<\/p>\n                    <\/div>\r\n                <\/div>\r\n            <\/div>\r\n        <\/div>\r\n        <div class=\"rotatingText\">SOLUCIONES<\/div>\r\n        <div class=\"container\">\r\n            <div class=\"subsoilSurface desktop\">\r\n                <div data-aos=\"fade-right\" class=\"subsoil-col\">\r\n                    <h2 class=\"title\">SUBSUELO<\/h2>\r\n                    <div class=\"elements\">\r\n                        <ul>\r\n                                                            <li class=\"listItem\"><a href=\"https:\/\/xcaliburmp.com\/es\/solution\/deteccion-inteligente-de-minerales-criticos\/\" target=\"\">MINERALES CR\u00cdTICOS<\/a><\/li>\r\n                                                            <li class=\"listItem\"><a href=\"https:\/\/xcaliburmp.com\/es\/solution\/soluciones-para-la-deteccion-de-agua\/\" target=\"\">AGUA<\/a><\/li>\r\n                                                            <li class=\"listItem\"><a href=\"https:\/\/xcaliburmp.com\/es\/solution\/solucion-inteligente-de-hidrogeno-natural-2\/\" target=\"\">HIDR\u00d3GENO NATURAL<\/a><\/li>\r\n                                                            <li class=\"listItem\"><a href=\"https:\/\/xcaliburmp.com\/es\/solution\/deteccion-inteligente-de-hidrocarburos\/\" target=\"\">HIDROCARBUROS<\/a><\/li>\r\n                                                            <li class=\"listItem\"><a  target=\"_self\">OTROS MINERALES<\/a><\/li>\r\n                                                            <li class=\"listItem\"><a href=\"https:\/\/xcaliburmp.com\/es\/solution\/almacenamiento-subterraneo-de-co2\/\" target=\"\">ALMACENAMIENTO DE CO2<\/a><\/li>\r\n                                                            <li class=\"listItem\"><a href=\"https:\/\/xcaliburmp.com\/es\/solution\/solucion-inteligente-de-gestion-geotermica\/\" target=\"\">RECURSOS GEOT\u00c9RMICOS<\/a><\/li>\r\n                                                    <\/ul>\r\n                    <\/div>\r\n                <\/div>\r\n                <div class=\"centerImage\">\r\n                    <img decoding=\"async\" data-aos=\"fade-up\" alt=\"image\" src=\"https:\/\/xcaliburmp.com\/wp-content\/uploads\/2023\/12\/af2f566b01f5888bbe9124e1df76084c-scaled.jpg\" \/>\r\n                <\/div>\r\n                <div data-aos=\"fade-left\" class=\"surface-col\">\r\n                    <h2 class=\"title\">SUPERFICIE<\/h2>\r\n                    <div class=\"elements\">\r\n                        <ul>\r\n                                                            <li class=\"listItem\"><a  target=\"_self\">BIODIVERSIDAD<\/a><\/li>\r\n                                                            <li class=\"listItem\"><a  target=\"_self\">MEDIOAMBIENTAL<\/a><\/li>\r\n                                                            <li class=\"listItem\"><a  target=\"_self\">AGRICULTURA<\/a><\/li>\r\n                                                            <li class=\"listItem\"><a href=\"https:\/\/xcaliburmp.com\/es\/solution\/soluciones-para-la-deteccion-de-agua\/\" target=\"\">AGUA<\/a><\/li>\r\n                                                            <li class=\"listItem\"><a href=\"https:\/\/xcaliburmp.com\/es\/solution\/sumidero-natural-de-carbono\/\" target=\"\">CAPTURA DE CO2<\/a><\/li>\r\n                                                            <li class=\"listItem\"><a href=\"https:\/\/xcaliburmp.com\/es\/solution\/solucion-inteligente-de-hidrogeno-natural-2\/\" target=\"\">HIDR\u00d3GENO NATURAL<\/a><\/li>\r\n                                                            <li class=\"listItem\"><a  target=\"_self\">EMISIONES DE GAS<\/a><\/li>\r\n                                                            <li class=\"listItem\"><a  target=\"_self\">OTROS<\/a><\/li>\r\n                                                    <\/ul>\r\n                    <\/div>\r\n                <\/div>\r\n            <\/div>\r\n            <div class=\"subsoilSurface mobile\">\r\n                <div data-aos=\"fade-left\" class=\"surface-col\">\r\n                    <h2 class=\"title\">SUPERFICIE<\/h2>\r\n                    <div class=\"elements\">\r\n                        <ul>\r\n                                                            <li class=\"listItem\"><a href=\"\" target=\"_self\">BIODIVERSIDAD<\/a><\/li>\r\n                                                            <li class=\"listItem\"><a href=\"\" target=\"_self\">MEDIOAMBIENTAL<\/a><\/li>\r\n                                                            <li class=\"listItem\"><a href=\"\" target=\"_self\">AGRICULTURA<\/a><\/li>\r\n                                                            <li class=\"listItem\"><a href=\"https:\/\/xcaliburmp.com\/es\/solution\/soluciones-para-la-deteccion-de-agua\/\" target=\"\">AGUA<\/a><\/li>\r\n                                                            <li class=\"listItem\"><a href=\"https:\/\/xcaliburmp.com\/es\/solution\/sumidero-natural-de-carbono\/\" target=\"\">CAPTURA DE CO2<\/a><\/li>\r\n                                                            <li class=\"listItem\"><a href=\"https:\/\/xcaliburmp.com\/es\/solution\/solucion-inteligente-de-hidrogeno-natural-2\/\" target=\"\">HIDR\u00d3GENO NATURAL<\/a><\/li>\r\n                                                            <li class=\"listItem\"><a href=\"\" target=\"_self\">EMISIONES DE GAS<\/a><\/li>\r\n                                                            <li class=\"listItem\"><a href=\"\" target=\"_self\">OTROS<\/a><\/li>\r\n                                                    <\/ul>\r\n                    <\/div>\r\n                <\/div>\r\n                <div class=\"centerImage\">\r\n                    <img decoding=\"async\" data-aos=\"fade-up\" alt=\"image\" src=\"https:\/\/xcaliburmp.com\/wp-content\/uploads\/2023\/12\/af2f566b01f5888bbe9124e1df76084c-scaled.jpg\" \/>\r\n                <\/div>\r\n                <div data-aos=\"fade-right\" class=\"subsoil-col\">\r\n                    <h2 class=\"title\">SUBSUELO<\/h2>\r\n                    <div class=\"elements\">\r\n                        <ul>\r\n                                                            <li class=\"listItem\"><a href=\"\" target=\"\">MINERALES CR\u00cdTICOS<\/a><\/li>\r\n                                                            <li class=\"listItem\"><a href=\"\" target=\"\">AGUA<\/a><\/li>\r\n                                                            <li class=\"listItem\"><a href=\"\" target=\"\">HIDR\u00d3GENO NATURAL<\/a><\/li>\r\n                                                            <li class=\"listItem\"><a href=\"\" target=\"\">HIDROCARBUROS<\/a><\/li>\r\n                                                            <li class=\"listItem\"><a href=\"\" target=\"_self\">OTROS MINERALES<\/a><\/li>\r\n                                                            <li class=\"listItem\"><a href=\"\" target=\"\">ALMACENAMIENTO DE CO2<\/a><\/li>\r\n                                                            <li class=\"listItem\"><a href=\"\" target=\"\">RECURSOS GEOT\u00c9RMICOS<\/a><\/li>\r\n                                                    <\/ul>\r\n                    <\/div>\r\n                <\/div>\r\n            <\/div>\r\n        <\/div>\r\n    <\/section><!-- .hero -->\r\n\r\n            <\/div>\n\n\r\n<div id=\"SplittedTitleText-block_1b4842580b8a8b8f57c72ec44beda3b1\" class=\"SplittedTitleText\" >\r\n    <section class=\"splittedtitletext\" id=\"splittedtitletext\">\r\n        <div class=\"container\">\r\n            <div class=\"wrapper\">\r\n                <div class=\"splitted-col\">\r\n                    <div class=\"kicker\"> Captura y gesti\u00f3n de datos de recursos naturales<\/div>\r\n                <\/div>\r\n                <div class=\"splitted-col\">\r\n                    <div class=\"title\"><h2>Smart Regional Interpretation<\/h2>\n<\/div>\r\n                    <div class=\"description\"><p>Traduce geof\u00edsicos, geoespaciales y otros insumos en m\u00e9tricas econ\u00f3micas de gran valor, especialmente para pa\u00edses en desarrollo.<\/p>\n<\/div>\r\n                                    <\/div>\r\n            <\/div>\r\n        <\/div>\r\n    <\/section>\r\n<\/div>\r\n\r\n\r\n\n\n\r\n<div id=\"ContactUs-block_ac7c13fe7f27a13df21c03530bda8170\" class=\"ContactUs\" >\r\n\r\n    <section id=\"cta\" class=\"cta \">\r\n        <div class=\"container\">\r\n            <h3 class=\"cta_title\">Cont\u00e1ctanos<\/h3>\r\n            <a class=\"cta_button button\" href=\"https:\/\/xcaliburmp.com\/es\/contactanos\/\" target=\"\" title=\"RELLENA EL FORMULARIO\">RELLENA EL FORMULARIO<\/a>\r\n        <\/div>\r\n    <\/section><!-- .cta -->\r\n\r\n\r\n    <\/div>","protected":false},"excerpt":{"rendered":"","protected":false},"author":3,"featured_media":0,"parent":0,"menu_order":0,"comment_status":"closed","ping_status":"closed","template":"","meta":{"_acf_changed":false,"footnotes":""},"class_list":["post-2033","page","type-page","status-publish","hentry"],"acf":[],"yoast_head":"<!-- This site is optimized with the Yoast SEO plugin v27.2 - https:\/\/yoast.com\/product\/yoast-seo-wordpress\/ -->\n<title>Soluciones - Xcalibur Smart Mapping<\/title>\n<meta name=\"description\" content=\"Tecnolog\u00eda que cuantifica recursos: agua, hidr\u00f3geno, CO2, biodiversidad, petr\u00f3leo, gas, tierras raras, minerales cr\u00edticos y huella de carbono.\" \/>\n<meta name=\"robots\" content=\"index, follow, max-snippet:-1, max-image-preview:large, max-video-preview:-1\" \/>\n<link rel=\"canonical\" href=\"https:\/\/xcaliburmp.com\/es\/nuestras-soluciones\/\" \/>\n<meta property=\"og:locale\" content=\"es_ES\" \/>\n<meta property=\"og:type\" content=\"article\" \/>\n<meta property=\"og:title\" content=\"Soluciones - Xcalibur Smart Mapping\" \/>\n<meta property=\"og:description\" content=\"Tecnolog\u00eda que cuantifica recursos: agua, hidr\u00f3geno, CO2, biodiversidad, petr\u00f3leo, gas, tierras raras, minerales cr\u00edticos y huella de carbono.\" \/>\n<meta property=\"og:url\" content=\"https:\/\/xcaliburmp.com\/es\/nuestras-soluciones\/\" \/>\n<meta property=\"og:site_name\" content=\"Xcalibur Smart Mapping\" \/>\n<meta property=\"article:modified_time\" content=\"2025-07-21T08:10:22+00:00\" \/>\n<meta name=\"twitter:card\" content=\"summary_large_image\" \/>\n<script type=\"application\/ld+json\" class=\"yoast-schema-graph\">{\"@context\":\"https:\/\/schema.org\",\"@graph\":[{\"@type\":\"WebPage\",\"@id\":\"https:\/\/xcaliburmp.com\/es\/nuestras-soluciones\/\",\"url\":\"https:\/\/xcaliburmp.com\/es\/nuestras-soluciones\/\",\"name\":\"Soluciones - Xcalibur Smart Mapping\",\"isPartOf\":{\"@id\":\"https:\/\/xcaliburmp.com\/es\/#website\"},\"datePublished\":\"2023-11-27T10:09:37+00:00\",\"dateModified\":\"2025-07-21T08:10:22+00:00\",\"description\":\"Tecnolog\u00eda que cuantifica recursos: agua, hidr\u00f3geno, CO2, biodiversidad, petr\u00f3leo, gas, tierras raras, minerales cr\u00edticos y huella de carbono.\",\"breadcrumb\":{\"@id\":\"https:\/\/xcaliburmp.com\/es\/nuestras-soluciones\/#breadcrumb\"},\"inLanguage\":\"es\",\"potentialAction\":[{\"@type\":\"ReadAction\",\"target\":[\"https:\/\/xcaliburmp.com\/es\/nuestras-soluciones\/\"]}]},{\"@type\":\"BreadcrumbList\",\"@id\":\"https:\/\/xcaliburmp.com\/es\/nuestras-soluciones\/#breadcrumb\",\"itemListElement\":[{\"@type\":\"ListItem\",\"position\":1,\"name\":\"Portada\",\"item\":\"https:\/\/xcaliburmp.com\/es\/\"},{\"@type\":\"ListItem\",\"position\":2,\"name\":\"Soluciones\"}]},{\"@type\":\"WebSite\",\"@id\":\"https:\/\/xcaliburmp.com\/es\/#website\",\"url\":\"https:\/\/xcaliburmp.com\/es\/\",\"name\":\"Xcalibur Smart Mapping\",\"description\":\"Xcalibur Smart Mapping es un l\u00edder mundial en geof\u00edsica a\u00e9rea y marina, interpretaci\u00f3n y procesamiento de datos y servicios de valor agregado.\",\"potentialAction\":[{\"@type\":\"SearchAction\",\"target\":{\"@type\":\"EntryPoint\",\"urlTemplate\":\"https:\/\/xcaliburmp.com\/es\/?s={search_term_string}\"},\"query-input\":{\"@type\":\"PropertyValueSpecification\",\"valueRequired\":true,\"valueName\":\"search_term_string\"}}],\"inLanguage\":\"es\"}]}<\/script>\n<!-- \/ Yoast SEO plugin. -->","yoast_head_json":{"title":"Soluciones - Xcalibur Smart Mapping","description":"Tecnolog\u00eda que cuantifica recursos: agua, hidr\u00f3geno, CO2, biodiversidad, petr\u00f3leo, gas, tierras raras, minerales cr\u00edticos y huella de carbono.","robots":{"index":"index","follow":"follow","max-snippet":"max-snippet:-1","max-image-preview":"max-image-preview:large","max-video-preview":"max-video-preview:-1"},"canonical":"https:\/\/xcaliburmp.com\/es\/nuestras-soluciones\/","og_locale":"es_ES","og_type":"article","og_title":"Soluciones - Xcalibur Smart Mapping","og_description":"Tecnolog\u00eda que cuantifica recursos: agua, hidr\u00f3geno, CO2, biodiversidad, petr\u00f3leo, gas, tierras raras, minerales cr\u00edticos y huella de carbono.","og_url":"https:\/\/xcaliburmp.com\/es\/nuestras-soluciones\/","og_site_name":"Xcalibur Smart Mapping","article_modified_time":"2025-07-21T08:10:22+00:00","twitter_card":"summary_large_image","schema":{"@context":"https:\/\/schema.org","@graph":[{"@type":"WebPage","@id":"https:\/\/xcaliburmp.com\/es\/nuestras-soluciones\/","url":"https:\/\/xcaliburmp.com\/es\/nuestras-soluciones\/","name":"Soluciones - Xcalibur Smart Mapping","isPartOf":{"@id":"https:\/\/xcaliburmp.com\/es\/#website"},"datePublished":"2023-11-27T10:09:37+00:00","dateModified":"2025-07-21T08:10:22+00:00","description":"Tecnolog\u00eda que cuantifica recursos: agua, hidr\u00f3geno, CO2, biodiversidad, petr\u00f3leo, gas, tierras raras, minerales cr\u00edticos y huella de carbono.","breadcrumb":{"@id":"https:\/\/xcaliburmp.com\/es\/nuestras-soluciones\/#breadcrumb"},"inLanguage":"es","potentialAction":[{"@type":"ReadAction","target":["https:\/\/xcaliburmp.com\/es\/nuestras-soluciones\/"]}]},{"@type":"BreadcrumbList","@id":"https:\/\/xcaliburmp.com\/es\/nuestras-soluciones\/#breadcrumb","itemListElement":[{"@type":"ListItem","position":1,"name":"Portada","item":"https:\/\/xcaliburmp.com\/es\/"},{"@type":"ListItem","position":2,"name":"Soluciones"}]},{"@type":"WebSite","@id":"https:\/\/xcaliburmp.com\/es\/#website","url":"https:\/\/xcaliburmp.com\/es\/","name":"Xcalibur Smart Mapping","description":"Xcalibur Smart Mapping es un l\u00edder mundial en geof\u00edsica a\u00e9rea y marina, interpretaci\u00f3n y procesamiento de datos y servicios de valor agregado.","potentialAction":[{"@type":"SearchAction","target":{"@type":"EntryPoint","urlTemplate":"https:\/\/xcaliburmp.com\/es\/?s={search_term_string}"},"query-input":{"@type":"PropertyValueSpecification","valueRequired":true,"valueName":"search_term_string"}}],"inLanguage":"es"}]}},"_links":{"self":[{"href":"https:\/\/xcaliburmp.com\/es\/wp-json\/wp\/v2\/pages\/2033","targetHints":{"allow":["GET"]}}],"collection":[{"href":"https:\/\/xcaliburmp.com\/es\/wp-json\/wp\/v2\/pages"}],"about":[{"href":"https:\/\/xcaliburmp.com\/es\/wp-json\/wp\/v2\/types\/page"}],"author":[{"embeddable":true,"href":"https:\/\/xcaliburmp.com\/es\/wp-json\/wp\/v2\/users\/3"}],"replies":[{"embeddable":true,"href":"https:\/\/xcaliburmp.com\/es\/wp-json\/wp\/v2\/comments?post=2033"}],"version-history":[{"count":61,"href":"https:\/\/xcaliburmp.com\/es\/wp-json\/wp\/v2\/pages\/2033\/revisions"}],"predecessor-version":[{"id":10303,"href":"https:\/\/xcaliburmp.com\/es\/wp-json\/wp\/v2\/pages\/2033\/revisions\/10303"}],"wp:attachment":[{"href":"https:\/\/xcaliburmp.com\/es\/wp-json\/wp\/v2\/media?parent=2033"}],"curies":[{"name":"wp","href":"https:\/\/api.w.org\/{rel}","templated":true}]}}